{"id":2110,"date":"2025-04-15T10:24:26","date_gmt":"2025-04-15T10:24:26","guid":{"rendered":"https:\/\/www.flexwork.fi\/?page_id=2110"},"modified":"2025-08-08T10:45:52","modified_gmt":"2025-08-08T10:45:52","slug":"tilausehdot","status":"publish","type":"page","link":"https:\/\/www.flexwork.fi\/en\/tilausehdot\/","title":{"rendered":"subscription terms"},"content":{"rendered":"<div data-elementor-type=\"wp-page\" data-elementor-id=\"2110\" class=\"elementor elementor-2110\">\n\t\t\t\t\t\t<section class=\"elementor-section elementor-top-section elementor-element elementor-element-ac2e47f elementor-section-stretched elementor-section-boxed elementor-section-height-default elementor-section-height-default\" data-id=\"ac2e47f\" data-element_type=\"section\" data-e-type=\"section\" data-settings=\"{&quot;stretch_section&quot;:&quot;section-stretched&quot;,&quot;background_background&quot;:&quot;classic&quot;}\">\n\t\t\t\t\t\t<div class=\"elementor-container elementor-column-gap-default\">\n\t\t\t\t\t<div class=\"elementor-column elementor-col-33 elementor-top-column elementor-element elementor-element-f48553a\" data-id=\"f48553a\" data-element_type=\"column\" data-e-type=\"column\">\n\t\t\t<div class=\"elementor-widget-wrap elementor-element-populated\">\n\t\t\t\t\t\t<div class=\"elementor-element elementor-element-2f98f2b elementor-widget elementor-widget-spacer\" data-id=\"2f98f2b\" data-element_type=\"widget\" data-e-type=\"widget\" data-widget_type=\"spacer.default\">\n\t\t\t\t<div class=\"elementor-widget-container\">\n\t\t\t\t\t\t\t<div class=\"elementor-spacer\">\n\t\t\t<div class=\"elementor-spacer-inner\"><\/div>\n\t\t<\/div>\n\t\t\t\t\t\t<\/div>\n\t\t\t\t<\/div>\n\t\t\t\t<div class=\"elementor-element elementor-element-a910f56 elementor-hidden-mobile elementor-widget elementor-widget-spacer\" data-id=\"a910f56\" data-element_type=\"widget\" data-e-type=\"widget\" data-widget_type=\"spacer.default\">\n\t\t\t\t<div class=\"elementor-widget-container\">\n\t\t\t\t\t\t\t<div class=\"elementor-spacer\">\n\t\t\t<div class=\"elementor-spacer-inner\"><\/div>\n\t\t<\/div>\n\t\t\t\t\t\t<\/div>\n\t\t\t\t<\/div>\n\t\t\t\t<div class=\"elementor-element elementor-element-7430080 elementor-hidden-mobile elementor-widget elementor-widget-spacer\" data-id=\"7430080\" data-element_type=\"widget\" data-e-type=\"widget\" data-widget_type=\"spacer.default\">\n\t\t\t\t<div class=\"elementor-widget-container\">\n\t\t\t\t\t\t\t<div class=\"elementor-spacer\">\n\t\t\t<div class=\"elementor-spacer-inner\"><\/div>\n\t\t<\/div>\n\t\t\t\t\t\t<\/div>\n\t\t\t\t<\/div>\n\t\t\t\t\t<\/div>\n\t\t<\/div>\n\t\t\t\t<div class=\"elementor-column elementor-col-33 elementor-top-column elementor-element elementor-element-449d6d1\" data-id=\"449d6d1\" data-element_type=\"column\" data-e-type=\"column\">\n\t\t\t<div class=\"elementor-widget-wrap elementor-element-populated\">\n\t\t\t\t\t\t<div class=\"elementor-element elementor-element-0f14969 elementor-widget elementor-widget-spacer\" data-id=\"0f14969\" data-element_type=\"widget\" data-e-type=\"widget\" data-widget_type=\"spacer.default\">\n\t\t\t\t<div class=\"elementor-widget-container\">\n\t\t\t\t\t\t\t<div class=\"elementor-spacer\">\n\t\t\t<div class=\"elementor-spacer-inner\"><\/div>\n\t\t<\/div>\n\t\t\t\t\t\t<\/div>\n\t\t\t\t<\/div>\n\t\t\t\t<div class=\"elementor-element elementor-element-4793681 elementor-widget elementor-widget-heading\" data-id=\"4793681\" data-element_type=\"widget\" data-e-type=\"widget\" data-widget_type=\"heading.default\">\n\t\t\t\t<div class=\"elementor-widget-container\">\n\t\t\t\t\t<h3 class=\"elementor-heading-title elementor-size-default\">FlexWork-laskutuspalvelun kiinte\u00e4n hinnan tilausehdot\n<\/h3>\t\t\t\t<\/div>\n\t\t\t\t<\/div>\n\t\t\t\t<div class=\"elementor-element elementor-element-7d0b4e6 elementor-widget elementor-widget-spacer\" data-id=\"7d0b4e6\" data-element_type=\"widget\" data-e-type=\"widget\" data-widget_type=\"spacer.default\">\n\t\t\t\t<div class=\"elementor-widget-container\">\n\t\t\t\t\t\t\t<div class=\"elementor-spacer\">\n\t\t\t<div class=\"elementor-spacer-inner\"><\/div>\n\t\t<\/div>\n\t\t\t\t\t\t<\/div>\n\t\t\t\t<\/div>\n\t\t\t\t<div class=\"elementor-element elementor-element-3418381 elementor-widget__width-initial elementor-widget-mobile__width-initial elementor-widget elementor-widget-text-editor\" data-id=\"3418381\" data-element_type=\"widget\" data-e-type=\"widget\" data-widget_type=\"text-editor.default\">\n\t\t\t\t<div class=\"elementor-widget-container\">\n\t\t\t\t\t\t\t\t\t<h4><b>Palveluntarjoaja<\/b><\/h4><p>FlexWork Software Oy, y-tunnus: 3168892-8<\/p><p>Melkonkatu 28 E,<\/p><p>00210 Helsinki<\/p><p>Tel. 020 700 8060<\/p><p>s\u00e4hk\u00f6posti: asiakaspalvelu@flexwork.fi<\/p><p>j\u00e4ljemp\u00e4n\u00e4 \u201cPalveluntarjoaja\u201d<\/p><p>\u00a0<\/p><h4><b>Maksunv\u00e4litt\u00e4j\u00e4<\/b><\/h4><p>Palveluntarjoaja k\u00e4ytt\u00e4\u00e4 verkkomaksujen maksunv\u00e4litt\u00e4j\u00e4n\u00e4 Stripea, joka on turvallinen ja helppo maksunv\u00e4litt\u00e4j\u00e4. Kun tilaan laskutuspalvelun kk- tai vuositilauksena, maksu tapahtuu Stripen kautta. Kun maksan Stripen kautta, hyv\u00e4ksyt <a href=\"https:\/\/stripe.com\/en-fi\/legal\/ssa\">Stripen maksuehdot.<\/a><\/p><p>\u00a0<\/p><h4><b>Ilmainen 4 viikon kokeilujakso<\/b><\/h4><p>Palveluntarjoaja voi tarjota maksutonta kokeilujaksoa uusille Asiakkaille. Ilmainen kokeilujakso on k\u00e4yt\u00f6ss\u00e4 uusille kk- tai vuosij\u00e4senyyksille, eli uusille Asiakkaille, joilla ei ole ollut k\u00e4yt\u00f6ss\u00e4 muuta palvelupakettia palvelumaksun lis\u00e4ksi. Ilmaisen 4 viikon kokeilujakson saa aktivoitua kerran, ellei toisin ole ilmoitettu. Asiakkaan tilaus jatkuu ilmaisen kokeilujakson j\u00e4lkeen automaattisesti maksullisena, ellei Asiakas muuta Tilausta.<\/p><p>\u00a0<\/p><h4><b>Prices<\/b><\/h4><p>Tilauksen hinta perustuu voimassa olevaan hinnastoon. Tilaushinnat ovat n\u00e4ht\u00e4vill\u00e4 FlexWork-palvelusta. Palveluntarjoajalla on oikeus muuttaa hintoja, mutta t\u00e4h\u00e4n teht\u00e4v\u00e4t muutokset ilmoitetaan ennakkoon verkkosivuilla ja s\u00e4hk\u00f6postilla ennen seuraavan tilausjakson alkamista.<\/p><p>\u00a0<\/p><h4><b>Peruuttamisoikeus<\/b><\/h4><p>Kuluttajansuojalain 6 luvun 16 \u00a7:n mukaisesti Asiakkaalla ei ole oikeutta peruuttaa tilausta sen j\u00e4lkeen, kun se on aktivoitu ja Asiakas on saanut maksullisen palvelun k\u00e4ytt\u00f6\u00f6ns\u00e4. T\u00e4m\u00e4 tarkoittaa ilmaisen kokeilujakson j\u00e4lkeen aloitettua ja maksettua j\u00e4senyytt\u00e4. Sopimuksesta riippuen voi tilauksen peruuttaa joko ensimm\u00e4isen kuukauden tai 12kk:n j\u00e4lkeen.<\/p><p>\u00a0<\/p><h4><b>Sopimuksen purkaminen<\/b><\/h4><p>Palveluntarjoajalla on oikeus purkaa sopimus v\u00e4litt\u00f6m\u00e4sti, mik\u00e4li n\u00e4it\u00e4 ehtoja rikotaan. Purkamisen perusteena voi olla esimerkiksi laskujen maksamatta j\u00e4tt\u00e4minen. Maksamattomista maksuista on Palveluntarjoajalla lis\u00e4ksi oikeus peri\u00e4 korkolain mukaista viiv\u00e4styskorkoa, maksukehotusmaksua ja tarvittaessa perint\u00e4\u00e4n liittyvi\u00e4 lis\u00e4maksuja.<\/p><p>\u00a0<\/p>\t\t\t\t\t\t\t\t<\/div>\n\t\t\t\t<\/div>\n\t\t\t\t<div class=\"elementor-element elementor-element-20453ed elementor-hidden-mobile elementor-widget elementor-widget-spacer\" data-id=\"20453ed\" data-element_type=\"widget\" data-e-type=\"widget\" data-widget_type=\"spacer.default\">\n\t\t\t\t<div class=\"elementor-widget-container\">\n\t\t\t\t\t\t\t<div class=\"elementor-spacer\">\n\t\t\t<div class=\"elementor-spacer-inner\"><\/div>\n\t\t<\/div>\n\t\t\t\t\t\t<\/div>\n\t\t\t\t<\/div>\n\t\t\t\t<div class=\"elementor-element elementor-element-24227e6 elementor-hidden-mobile elementor-widget elementor-widget-spacer\" data-id=\"24227e6\" data-element_type=\"widget\" data-e-type=\"widget\" data-widget_type=\"spacer.default\">\n\t\t\t\t<div class=\"elementor-widget-container\">\n\t\t\t\t\t\t\t<div class=\"elementor-spacer\">\n\t\t\t<div class=\"elementor-spacer-inner\"><\/div>\n\t\t<\/div>\n\t\t\t\t\t\t<\/div>\n\t\t\t\t<\/div>\n\t\t\t\t\t<\/div>\n\t\t<\/div>\n\t\t\t\t<div class=\"elementor-column elementor-col-33 elementor-top-column elementor-element elementor-element-5d5092d\" data-id=\"5d5092d\" data-element_type=\"column\" data-e-type=\"column\">\n\t\t\t<div class=\"elementor-widget-wrap elementor-element-populated\">\n\t\t\t\t\t\t<div class=\"elementor-element elementor-element-5e1eb62 elementor-widget elementor-widget-spacer\" data-id=\"5e1eb62\" data-element_type=\"widget\" data-e-type=\"widget\" data-widget_type=\"spacer.default\">\n\t\t\t\t<div class=\"elementor-widget-container\">\n\t\t\t\t\t\t\t<div class=\"elementor-spacer\">\n\t\t\t<div class=\"elementor-spacer-inner\"><\/div>\n\t\t<\/div>\n\t\t\t\t\t\t<\/div>\n\t\t\t\t<\/div>\n\t\t\t\t<div class=\"elementor-element elementor-element-baecd64 elementor-hidden-mobile elementor-widget elementor-widget-spacer\" data-id=\"baecd64\" data-element_type=\"widget\" data-e-type=\"widget\" data-widget_type=\"spacer.default\">\n\t\t\t\t<div class=\"elementor-widget-container\">\n\t\t\t\t\t\t\t<div class=\"elementor-spacer\">\n\t\t\t<div class=\"elementor-spacer-inner\"><\/div>\n\t\t<\/div>\n\t\t\t\t\t\t<\/div>\n\t\t\t\t<\/div>\n\t\t\t\t<div class=\"elementor-element elementor-element-8af64e9 elementor-hidden-mobile elementor-widget elementor-widget-spacer\" data-id=\"8af64e9\" data-element_type=\"widget\" data-e-type=\"widget\" data-widget_type=\"spacer.default\">\n\t\t\t\t<div class=\"elementor-widget-container\">\n\t\t\t\t\t\t\t<div class=\"elementor-spacer\">\n\t\t\t<div class=\"elementor-spacer-inner\"><\/div>\n\t\t<\/div>\n\t\t\t\t\t\t<\/div>\n\t\t\t\t<\/div>\n\t\t\t\t\t<\/div>\n\t\t<\/div>\n\t\t\t\t\t<\/div>\n\t\t<\/section>\n\t\t\t\t<section class=\"elementor-section elementor-top-section elementor-element elementor-element-c183bc1 elementor-section-stretched elementor-section-boxed elementor-section-height-default elementor-section-height-default\" data-id=\"c183bc1\" data-element_type=\"section\" data-e-type=\"section\" data-settings=\"{&quot;stretch_section&quot;:&quot;section-stretched&quot;,&quot;background_background&quot;:&quot;classic&quot;}\">\n\t\t\t\t\t\t<div class=\"elementor-container elementor-column-gap-default\">\n\t\t\t\t\t<div class=\"elementor-column elementor-col-100 elementor-top-column elementor-element elementor-element-5b9b46c\" data-id=\"5b9b46c\" data-element_type=\"column\" data-e-type=\"column\">\n\t\t\t<div class=\"elementor-widget-wrap elementor-element-populated\">\n\t\t\t\t\t\t<div class=\"elementor-element elementor-element-a516c74 elementor-widget elementor-widget-spacer\" data-id=\"a516c74\" data-element_type=\"widget\" data-e-type=\"widget\" data-widget_type=\"spacer.default\">\n\t\t\t\t<div class=\"elementor-widget-container\">\n\t\t\t\t\t\t\t<div class=\"elementor-spacer\">\n\t\t\t<div class=\"elementor-spacer-inner\"><\/div>\n\t\t<\/div>\n\t\t\t\t\t\t<\/div>\n\t\t\t\t<\/div>\n\t\t\t\t\t<\/div>\n\t\t<\/div>\n\t\t\t\t\t<\/div>\n\t\t<\/section>\n\t\t\t\t<\/div>","protected":false},"excerpt":{"rendered":"<p>FlexWork-laskutuspalvelun kiinte\u00e4n hinnan tilausehdot Palveluntarjoaja FlexWork Software Oy, y-tunnus: 3168892-8 Melkonkatu 28 E, 00210 Helsinki puh. 020 700 8060 s\u00e4hk\u00f6posti: asiakaspalvelu@flexwork.fi j\u00e4ljemp\u00e4n\u00e4 \u201cPalveluntarjoaja\u201d \u00a0 Maksunv\u00e4litt\u00e4j\u00e4 Palveluntarjoaja k\u00e4ytt\u00e4\u00e4 verkkomaksujen maksunv\u00e4litt\u00e4j\u00e4n\u00e4 Stripea, joka on turvallinen ja helppo maksunv\u00e4litt\u00e4j\u00e4. Kun tilaan laskutuspalvelun kk- tai vuositilauksena, maksu tapahtuu Stripen kautta. Kun maksan Stripen kautta, hyv\u00e4ksyt Stripen maksuehdot. \u00a0 Ilmainen 4 viikon kokeilujakso Palveluntarjoaja voi tarjota maksutonta kokeilujaksoa uusille Asiakkaille. Ilmainen kokeilujakso on k\u00e4yt\u00f6ss\u00e4 uusille [&hellip;]<\/p>\n","protected":false},"author":1,"featured_media":0,"parent":0,"menu_order":0,"comment_status":"closed","ping_status":"closed","template":"","meta":{"om_disable_all_campaigns":false,"_monsterinsights_skip_tracking":false,"_monsterinsights_sitenote_active":false,"_monsterinsights_sitenote_note":"","_monsterinsights_sitenote_category":0,"_uf_show_specific_survey":0,"_uf_disable_surveys":false,"site-sidebar-layout":"default","site-content-layout":"default","ast-site-content-layout":"default","site-content-style":"default","site-sidebar-style":"default","ast-global-header-display":"","ast-banner-title-visibility":"","ast-main-header-display":"","ast-hfb-above-header-display":"","ast-hfb-below-header-display":"","ast-hfb-mobile-header-display":"","site-post-title":"","ast-breadcrumbs-content":"","ast-featured-img":"","footer-sml-layout":"","ast-disable-related-posts":"","theme-transparent-header-meta":"default","adv-header-id-meta":"","stick-header-meta":"","header-above-stick-meta":"","header-main-stick-meta":"","header-below-stick-meta":"","astra-migrate-meta-layouts":"set","ast-page-background-enabled":"default","ast-page-background-meta":{"desktop":{"background-color":"var(--ast-global-color-4)","background-image":"","background-repeat":"repeat","background-position":"center center","background-size":"auto","background-attachment":"scroll","background-type":"","background-media":"","overlay-type":"","overlay-color":"","overlay-opacity":"","overlay-gradient":""},"tablet":{"background-color":"","background-image":"","background-repeat":"repeat","background-position":"center center","background-size":"auto","background-attachment":"scroll","background-type":"","background-media":"","overlay-type":"","overlay-color":"","overlay-opacity":"","overlay-gradient":""},"mobile":{"background-color":"","background-image":"","background-repeat":"repeat","background-position":"center center","background-size":"auto","background-attachment":"scroll","background-type":"","background-media":"","overlay-type":"","overlay-color":"","overlay-opacity":"","overlay-gradient":""}},"ast-content-background-meta":{"desktop":{"background-color":"var(--ast-global-color-5)","background-image":"","background-repeat":"repeat","background-position":"center center","background-size":"auto","background-attachment":"scroll","background-type":"","background-media":"","overlay-type":"","overlay-color":"","overlay-opacity":"","overlay-gradient":""},"tablet":{"background-color":"var(--ast-global-color-5)","background-image":"","background-repeat":"repeat","background-position":"center center","background-size":"auto","background-attachment":"scroll","background-type":"","background-media":"","overlay-type":"","overlay-color":"","overlay-opacity":"","overlay-gradient":""},"mobile":{"background-color":"var(--ast-global-color-5)","background-image":"","background-repeat":"repeat","background-position":"center center","background-size":"auto","background-attachment":"scroll","background-type":"","background-media":"","overlay-type":"","overlay-color":"","overlay-opacity":"","overlay-gradient":""}},"footnotes":""},"class_list":["post-2110","page","type-page","status-publish","hentry"],"aioseo_notices":[],"yoast_head":"<!-- This site is optimized with the Yoast SEO plugin v27.5 - https:\/\/yoast.com\/product\/yoast-seo-wordpress\/ -->\n<title>Laskutuspalvelun tietosuojaseloste | FlexWork<\/title>\n<meta name=\"description\" content=\"Tutustu ja hyv\u00e4ksy laskutuspalvelu FlexWorkin tietosuojaseloste ennen palvelun k\u00e4yt\u00f6n aloittamista.\" \/>\n<meta name=\"robots\" content=\"index, follow, max-snippet:-1, max-image-preview:large, max-video-preview:-1\" \/>\n<link rel=\"canonical\" href=\"https:\/\/www.flexwork.fi\/en\/tilausehdot\/\" \/>\n<meta property=\"og:locale\" content=\"en_GB\" \/>\n<meta property=\"og:type\" content=\"article\" \/>\n<meta property=\"og:title\" content=\"Laskutuspalvelun tietosuojaseloste | FlexWork\" \/>\n<meta property=\"og:description\" content=\"Tutustu ja hyv\u00e4ksy laskutuspalvelu FlexWorkin tietosuojaseloste ennen palvelun k\u00e4yt\u00f6n aloittamista.\" \/>\n<meta property=\"og:url\" content=\"https:\/\/www.flexwork.fi\/en\/tilausehdot\/\" \/>\n<meta property=\"article:modified_time\" content=\"2025-08-08T10:45:52+00:00\" \/>\n<meta name=\"twitter:card\" content=\"summary_large_image\" \/>\n<meta name=\"twitter:label1\" content=\"Estimated reading time\" \/>\n\t<meta name=\"twitter:data1\" content=\"2 minutes\" \/>\n<script type=\"application\/ld+json\" class=\"yoast-schema-graph\">{\"@context\":\"https:\\\/\\\/schema.org\",\"@graph\":[{\"@type\":\"WebPage\",\"@id\":\"https:\\\/\\\/www.flexwork.fi\\\/tilausehdot\\\/\",\"url\":\"https:\\\/\\\/www.flexwork.fi\\\/tilausehdot\\\/\",\"name\":\"Laskutuspalvelun tietosuojaseloste | FlexWork\",\"isPartOf\":{\"@id\":\"https:\\\/\\\/www.flexwork.fi\\\/#website\"},\"datePublished\":\"2025-04-15T10:24:26+00:00\",\"dateModified\":\"2025-08-08T10:45:52+00:00\",\"description\":\"Tutustu ja hyv\u00e4ksy laskutuspalvelu FlexWorkin tietosuojaseloste ennen palvelun k\u00e4yt\u00f6n aloittamista.\",\"breadcrumb\":{\"@id\":\"https:\\\/\\\/www.flexwork.fi\\\/tilausehdot\\\/#breadcrumb\"},\"inLanguage\":\"en-GB\",\"potentialAction\":[{\"@type\":\"ReadAction\",\"target\":[\"https:\\\/\\\/www.flexwork.fi\\\/tilausehdot\\\/\"]}]},{\"@type\":\"BreadcrumbList\",\"@id\":\"https:\\\/\\\/www.flexwork.fi\\\/tilausehdot\\\/#breadcrumb\",\"itemListElement\":[{\"@type\":\"ListItem\",\"position\":1,\"name\":\"Etusivu\",\"item\":\"https:\\\/\\\/www.flexwork.fi\\\/\"},{\"@type\":\"ListItem\",\"position\":2,\"name\":\"tilausehdot\"}]},{\"@type\":\"WebSite\",\"@id\":\"https:\\\/\\\/www.flexwork.fi\\\/#website\",\"url\":\"https:\\\/\\\/www.flexwork.fi\\\/\",\"name\":\"\",\"description\":\"\",\"potentialAction\":[{\"@type\":\"SearchAction\",\"target\":{\"@type\":\"EntryPoint\",\"urlTemplate\":\"https:\\\/\\\/www.flexwork.fi\\\/?s={search_term_string}\"},\"query-input\":{\"@type\":\"PropertyValueSpecification\",\"valueRequired\":true,\"valueName\":\"search_term_string\"}}],\"inLanguage\":\"en-GB\"}]}<\/script>\n<!-- \/ Yoast SEO plugin. -->","yoast_head_json":{"title":"Laskutuspalvelun tietosuojaseloste | FlexWork","description":"Tutustu ja hyv\u00e4ksy laskutuspalvelu FlexWorkin tietosuojaseloste ennen palvelun k\u00e4yt\u00f6n aloittamista.","robots":{"index":"index","follow":"follow","max-snippet":"max-snippet:-1","max-image-preview":"max-image-preview:large","max-video-preview":"max-video-preview:-1"},"canonical":"https:\/\/www.flexwork.fi\/en\/tilausehdot\/","og_locale":"en_GB","og_type":"article","og_title":"Laskutuspalvelun tietosuojaseloste | FlexWork","og_description":"Tutustu ja hyv\u00e4ksy laskutuspalvelu FlexWorkin tietosuojaseloste ennen palvelun k\u00e4yt\u00f6n aloittamista.","og_url":"https:\/\/www.flexwork.fi\/en\/tilausehdot\/","article_modified_time":"2025-08-08T10:45:52+00:00","twitter_card":"summary_large_image","twitter_misc":{"Estimated reading time":"2 minutes"},"schema":{"@context":"https:\/\/schema.org","@graph":[{"@type":"WebPage","@id":"https:\/\/www.flexwork.fi\/tilausehdot\/","url":"https:\/\/www.flexwork.fi\/tilausehdot\/","name":"Laskutuspalvelun tietosuojaseloste | FlexWork","isPartOf":{"@id":"https:\/\/www.flexwork.fi\/#website"},"datePublished":"2025-04-15T10:24:26+00:00","dateModified":"2025-08-08T10:45:52+00:00","description":"Tutustu ja hyv\u00e4ksy laskutuspalvelu FlexWorkin tietosuojaseloste ennen palvelun k\u00e4yt\u00f6n aloittamista.","breadcrumb":{"@id":"https:\/\/www.flexwork.fi\/tilausehdot\/#breadcrumb"},"inLanguage":"en-GB","potentialAction":[{"@type":"ReadAction","target":["https:\/\/www.flexwork.fi\/tilausehdot\/"]}]},{"@type":"BreadcrumbList","@id":"https:\/\/www.flexwork.fi\/tilausehdot\/#breadcrumb","itemListElement":[{"@type":"ListItem","position":1,"name":"Etusivu","item":"https:\/\/www.flexwork.fi\/"},{"@type":"ListItem","position":2,"name":"tilausehdot"}]},{"@type":"WebSite","@id":"https:\/\/www.flexwork.fi\/#website","url":"https:\/\/www.flexwork.fi\/","name":"","description":"","potentialAction":[{"@type":"SearchAction","target":{"@type":"EntryPoint","urlTemplate":"https:\/\/www.flexwork.fi\/?s={search_term_string}"},"query-input":{"@type":"PropertyValueSpecification","valueRequired":true,"valueName":"search_term_string"}}],"inLanguage":"en-GB"}]}},"_links":{"self":[{"href":"https:\/\/www.flexwork.fi\/en\/wp-json\/wp\/v2\/pages\/2110","targetHints":{"allow":["GET"]}}],"collection":[{"href":"https:\/\/www.flexwork.fi\/en\/wp-json\/wp\/v2\/pages"}],"about":[{"href":"https:\/\/www.flexwork.fi\/en\/wp-json\/wp\/v2\/types\/page"}],"author":[{"embeddable":true,"href":"https:\/\/www.flexwork.fi\/en\/wp-json\/wp\/v2\/users\/1"}],"replies":[{"embeddable":true,"href":"https:\/\/www.flexwork.fi\/en\/wp-json\/wp\/v2\/comments?post=2110"}],"version-history":[{"count":11,"href":"https:\/\/www.flexwork.fi\/en\/wp-json\/wp\/v2\/pages\/2110\/revisions"}],"predecessor-version":[{"id":2948,"href":"https:\/\/www.flexwork.fi\/en\/wp-json\/wp\/v2\/pages\/2110\/revisions\/2948"}],"wp:attachment":[{"href":"https:\/\/www.flexwork.fi\/en\/wp-json\/wp\/v2\/media?parent=2110"}],"curies":[{"name":"wp","href":"https:\/\/api.w.org\/{rel}","templated":true}]}}